{"id":6600,"date":"2022-09-29T12:10:59","date_gmt":"2022-09-29T11:10:59","guid":{"rendered":"https:\/\/youngentrepreneursinscience.com\/terms-and-conditions\/"},"modified":"2025-08-07T11:49:02","modified_gmt":"2025-08-07T10:49:02","slug":"teilnahmebedingungen","status":"publish","type":"page","link":"https:\/\/youngentrepreneursinscience.com\/de\/teilnahmebedingungen\/","title":{"rendered":"Teilnahmebedingungen"},"content":{"rendered":"<div id=\"YES-Headline-block_141a3731171a02fb848e9f3f6e68c3b6\" class=\"YES-Headline col-12 mt-4\" data-aos=\"fade-up\"\n  data-aos-duration=\"300\">\n  <div class=\"container\">\n    <div class=\"row justify-content-center\">\n      <div class=\"col-12  col-lg-8\">\n        <h1 class=\"h1\">Teilnahmebedingungen<\/h1>\n      <\/div>\n    <\/div>\n  <\/div>\n<\/div>\n\n<div id=\"YES-MainParagraph-block_01bb233560ca7dc9fbb92aa2be8f1e45\" data-aos=\"fade-up\" class=\"YES-MainParagraph col-12 yes-content-styles\">\n  <div class=\"container py-4\">\n    <div class=\"row justify-content-center\">\n                  <div class=\"col-12 col-lg-8\">\n        <h4>1. Wer kann teilnehmen?<\/h4>\n<p>Masterstudierende, Promovierende und Postdocs aller Fachrichtungen, die an einer Universit\u00e4t oder Hochschule in Deutschland eingeschrieben bzw. angestellt sind, unabh\u00e4ngig davon, ob die prim\u00e4re Betreuung des Dissertationsprojektes ggf. an einer au\u00dferuniversit\u00e4ren Forschungseinrichtung erfolgt.<\/p>\n<h4>2. Anmeldung, Teilnahme und Warteliste<\/h4>\n<p>Die Anmeldung f\u00fcr die Workshop-Formate erfolgt online \u00fcber unser Anmeldeformular. Die Anmeldefrist endet, wenn nicht anders ausgewiesen, vierzehn Tage vor Workshop-Beginn. Mit Deiner Anmeldung stimmst Du einer verbindlichen Teilnahme an allen Workshop-Tagen zu.<br \/>\nJede Workshop-Serie ist auf 25 Pl\u00e4tze begrenzt. Alle Teilnehmenden werden normalerweise vierzehn Tage vor Beginn des ersten Workshop-Termins von uns per E-Mail benachrichtigt. Solltest Du keine Teilnahmebest\u00e4tigung erhalten haben, wirst Du auf die Warteliste aufgenommen und informiert, sollte kurzfristig ein Platz frei werden.<br \/>\nDie Pl\u00e4tze f\u00fcr unsere Workshops werden nach der Reihenfolge des Registrierungseingangs vergeben. Entstandenes Fotomaterial darf von der gesamten Falling Walls Foundation genutzt werden.<\/p>\n<h4>3. Kosten f\u00fcr die Workshops und Erstattung von Reisekosten<\/h4>\n<p>Die Teilnahme an den Young Entrepreneurs in Science-Workshops und -Webinaren ist f\u00fcr Masterstudierende, Promovierende und Postdocs kostenfrei. F\u00fcr unsere Pr\u00e4senzworkshops gilt: F\u00fcr die Verpflegung ist gesorgt. Alle Teilnehmenden tragen f\u00fcr die An- sowie Abreise zum Workshop-Ort selbst Sorge. Leider k\u00f6nnen wir keine Reisekosten erstatten.<\/p>\n<h4>4. Abmeldung und Krankheit<\/h4>\n<p>Wir m\u00f6chten m\u00f6glichst viele Masterstudierende, Promovierende und Postdocs mit unseren Workshop-Formaten erreichen und erm\u00f6glichen deshalb eine kostenfreie Teilnahme am Programm. Im Gegenzug sicherst Du uns zu, uns umgehend zu informieren, falls Du krankheitsbedingt oder aus anderen wichtigen Gr\u00fcnden verhindert bist. So gibst Du anderen Interessierten, die auf der Warteliste stehen, die M\u00f6glichkeit nachzur\u00fccken. Bitte beachte, dass wir Dir f\u00fcr unsere ganzt\u00e4gigen Workshopformate nur dann ein Teilnahmezertifikat ausstellen k\u00f6nnen, wenn Du an allen Tagen der Workshops anwesend warst.<\/p>\n<h4>5. Haftung<\/h4>\n<p>Mit der Anmeldung stimmst Du zu, dass Du Dich bei einer Teilnahmezusage f\u00fcr einen Pr\u00e4senzworkshop w\u00e4hrend der Veranstaltung an die Hausordnung der von uns angemieteten Location halten wirst. F\u00fcr alle von Dir an der Einrichtung verursachten Sch\u00e4den haftest Du selbst vollumf\u00e4nglich.<\/p>\n      <\/div>\n                <\/div>\n  <\/div>\n<\/div>","protected":false},"excerpt":{"rendered":"","protected":false},"author":3,"featured_media":0,"parent":0,"menu_order":0,"comment_status":"closed","ping_status":"closed","template":"","meta":{"_acf_changed":false,"inline_featured_image":false,"footnotes":""},"acf":[],"yoast_head":"<!-- This site is optimized with the Yoast SEO plugin v22.8 - https:\/\/yoast.com\/wordpress\/plugins\/seo\/ -->\n<title>Teilnahmebedingungen - Young Entrepreneurs in Science<\/title>\n<meta name=\"description\" content=\"Wie viel Start-Up steckt in deiner Forschung? Kostenlose Workshops f\u00fcr \u2714\ufe0e Doktoranden oder \u2714\ufe0e Postdocs. Zu den Teilnahmebedingungen \u279c\" \/>\n<meta name=\"robots\" content=\"index, follow, max-snippet:-1, max-image-preview:large, max-video-preview:-1\" \/>\n<link rel=\"canonical\" href=\"https:\/\/youngentrepreneursinscience.com\/de\/teilnahmebedingungen\/\" \/>\n<meta property=\"og:locale\" content=\"de_DE\" \/>\n<meta property=\"og:type\" content=\"article\" \/>\n<meta property=\"og:title\" content=\"Teilnahmebedingungen - Young Entrepreneurs in Science\" \/>\n<meta property=\"og:description\" content=\"Wie viel Start-Up steckt in deiner Forschung? Kostenlose Workshops f\u00fcr \u2714\ufe0e Doktoranden oder \u2714\ufe0e Postdocs. Zu den Teilnahmebedingungen \u279c\" \/>\n<meta property=\"og:url\" content=\"https:\/\/youngentrepreneursinscience.com\/de\/teilnahmebedingungen\/\" \/>\n<meta property=\"og:site_name\" content=\"YES\" \/>\n<meta property=\"article:publisher\" content=\"https:\/\/www.facebook.com\/YoungEntrepreneursinScience\/\" \/>\n<meta property=\"article:modified_time\" content=\"2025-08-07T10:49:02+00:00\" \/>\n<meta name=\"twitter:card\" content=\"summary_large_image\" \/>\n<meta name=\"twitter:site\" content=\"@yeis_fw\" \/>\n<script type=\"application\/ld+json\" class=\"yoast-schema-graph\">{\"@context\":\"https:\/\/schema.org\",\"@graph\":[{\"@type\":\"WebPage\",\"@id\":\"https:\/\/youngentrepreneursinscience.com\/de\/teilnahmebedingungen\/\",\"url\":\"https:\/\/youngentrepreneursinscience.com\/de\/teilnahmebedingungen\/\",\"name\":\"Teilnahmebedingungen - Young Entrepreneurs in Science\",\"isPartOf\":{\"@id\":\"https:\/\/youngentrepreneursinscience.com\/de\/#website\"},\"datePublished\":\"2022-09-29T11:10:59+00:00\",\"dateModified\":\"2025-08-07T10:49:02+00:00\",\"description\":\"Wie viel Start-Up steckt in deiner Forschung? Kostenlose Workshops f\u00fcr \u2714\ufe0e Doktoranden oder \u2714\ufe0e Postdocs. Zu den Teilnahmebedingungen \u279c\",\"breadcrumb\":{\"@id\":\"https:\/\/youngentrepreneursinscience.com\/de\/teilnahmebedingungen\/#breadcrumb\"},\"inLanguage\":\"de\",\"potentialAction\":[{\"@type\":\"ReadAction\",\"target\":[\"https:\/\/youngentrepreneursinscience.com\/de\/teilnahmebedingungen\/\"]}]},{\"@type\":\"BreadcrumbList\",\"@id\":\"https:\/\/youngentrepreneursinscience.com\/de\/teilnahmebedingungen\/#breadcrumb\",\"itemListElement\":[{\"@type\":\"ListItem\",\"position\":1,\"name\":\"Startseite\",\"item\":\"https:\/\/youngentrepreneursinscience.com\/de\/\"},{\"@type\":\"ListItem\",\"position\":2,\"name\":\"Teilnahmebedingungen\"}]},{\"@type\":\"WebSite\",\"@id\":\"https:\/\/youngentrepreneursinscience.com\/de\/#website\",\"url\":\"https:\/\/youngentrepreneursinscience.com\/de\/\",\"name\":\"YES\",\"description\":\"Just another WordPress site\",\"potentialAction\":[{\"@type\":\"SearchAction\",\"target\":{\"@type\":\"EntryPoint\",\"urlTemplate\":\"https:\/\/youngentrepreneursinscience.com\/de\/?s={search_term_string}\"},\"query-input\":\"required name=search_term_string\"}],\"inLanguage\":\"de\"}]}<\/script>\n<!-- \/ Yoast SEO plugin. -->","yoast_head_json":{"title":"Teilnahmebedingungen - Young Entrepreneurs in Science","description":"Wie viel Start-Up steckt in deiner Forschung? Kostenlose Workshops f\u00fcr \u2714\ufe0e Doktoranden oder \u2714\ufe0e Postdocs. Zu den Teilnahmebedingungen \u279c","robots":{"index":"index","follow":"follow","max-snippet":"max-snippet:-1","max-image-preview":"max-image-preview:large","max-video-preview":"max-video-preview:-1"},"canonical":"https:\/\/youngentrepreneursinscience.com\/de\/teilnahmebedingungen\/","og_locale":"de_DE","og_type":"article","og_title":"Teilnahmebedingungen - Young Entrepreneurs in Science","og_description":"Wie viel Start-Up steckt in deiner Forschung? Kostenlose Workshops f\u00fcr \u2714\ufe0e Doktoranden oder \u2714\ufe0e Postdocs. Zu den Teilnahmebedingungen \u279c","og_url":"https:\/\/youngentrepreneursinscience.com\/de\/teilnahmebedingungen\/","og_site_name":"YES","article_publisher":"https:\/\/www.facebook.com\/YoungEntrepreneursinScience\/","article_modified_time":"2025-08-07T10:49:02+00:00","twitter_card":"summary_large_image","twitter_site":"@yeis_fw","schema":{"@context":"https:\/\/schema.org","@graph":[{"@type":"WebPage","@id":"https:\/\/youngentrepreneursinscience.com\/de\/teilnahmebedingungen\/","url":"https:\/\/youngentrepreneursinscience.com\/de\/teilnahmebedingungen\/","name":"Teilnahmebedingungen - Young Entrepreneurs in Science","isPartOf":{"@id":"https:\/\/youngentrepreneursinscience.com\/de\/#website"},"datePublished":"2022-09-29T11:10:59+00:00","dateModified":"2025-08-07T10:49:02+00:00","description":"Wie viel Start-Up steckt in deiner Forschung? Kostenlose Workshops f\u00fcr \u2714\ufe0e Doktoranden oder \u2714\ufe0e Postdocs. Zu den Teilnahmebedingungen \u279c","breadcrumb":{"@id":"https:\/\/youngentrepreneursinscience.com\/de\/teilnahmebedingungen\/#breadcrumb"},"inLanguage":"de","potentialAction":[{"@type":"ReadAction","target":["https:\/\/youngentrepreneursinscience.com\/de\/teilnahmebedingungen\/"]}]},{"@type":"BreadcrumbList","@id":"https:\/\/youngentrepreneursinscience.com\/de\/teilnahmebedingungen\/#breadcrumb","itemListElement":[{"@type":"ListItem","position":1,"name":"Startseite","item":"https:\/\/youngentrepreneursinscience.com\/de\/"},{"@type":"ListItem","position":2,"name":"Teilnahmebedingungen"}]},{"@type":"WebSite","@id":"https:\/\/youngentrepreneursinscience.com\/de\/#website","url":"https:\/\/youngentrepreneursinscience.com\/de\/","name":"YES","description":"Just another WordPress site","potentialAction":[{"@type":"SearchAction","target":{"@type":"EntryPoint","urlTemplate":"https:\/\/youngentrepreneursinscience.com\/de\/?s={search_term_string}"},"query-input":"required name=search_term_string"}],"inLanguage":"de"}]}},"_links":{"self":[{"href":"https:\/\/youngentrepreneursinscience.com\/de\/wp-json\/wp\/v2\/pages\/6600"}],"collection":[{"href":"https:\/\/youngentrepreneursinscience.com\/de\/wp-json\/wp\/v2\/pages"}],"about":[{"href":"https:\/\/youngentrepreneursinscience.com\/de\/wp-json\/wp\/v2\/types\/page"}],"author":[{"embeddable":true,"href":"https:\/\/youngentrepreneursinscience.com\/de\/wp-json\/wp\/v2\/users\/3"}],"replies":[{"embeddable":true,"href":"https:\/\/youngentrepreneursinscience.com\/de\/wp-json\/wp\/v2\/comments?post=6600"}],"version-history":[{"count":14,"href":"https:\/\/youngentrepreneursinscience.com\/de\/wp-json\/wp\/v2\/pages\/6600\/revisions"}],"predecessor-version":[{"id":15820,"href":"https:\/\/youngentrepreneursinscience.com\/de\/wp-json\/wp\/v2\/pages\/6600\/revisions\/15820"}],"wp:attachment":[{"href":"https:\/\/youngentrepreneursinscience.com\/de\/wp-json\/wp\/v2\/media?parent=6600"}],"curies":[{"name":"wp","href":"https:\/\/api.w.org\/{rel}","templated":true}]}}